{"id":12,"date":"2024-09-05T00:46:36","date_gmt":"2024-09-05T00:46:36","guid":{"rendered":"https:\/\/origenesagave1900.com\/contacto\/"},"modified":"2024-09-07T18:56:25","modified_gmt":"2024-09-07T18:56:25","slug":"contacto","status":"publish","type":"page","link":"https:\/\/origenesagave1900.com\/es\/contacto\/","title":{"rendered":"Contact"},"content":{"rendered":"<div class=\"wp-block-group alignfull has-background-background-color has-background has-global-padding is-layout-constrained wp-block-group-is-layout-constrained\" style=\"margin-top:0;margin-bottom:0;padding-top:0;padding-bottom:0\">\n<div class=\"wp-block-cover alignfull\" style=\"padding-top:0;padding-right:0;padding-bottom:0;padding-left:0;min-height:50px;aspect-ratio:unset;\"><span aria-hidden=\"true\" class=\"wp-block-cover__background has-black-background-color has-background-dim-60 has-background-dim\"><\/span><img fetchpriority=\"high\" decoding=\"async\" width=\"630\" height=\"320\" class=\"wp-block-cover__image-background wp-image-85\" alt=\"\" src=\"https:\/\/origenesagave1900.com\/wp-content\/uploads\/2024\/09\/IMG_0565.jpeg\" data-object-fit=\"cover\" srcset=\"https:\/\/origenesagave1900.com\/wp-content\/uploads\/2024\/09\/IMG_0565.jpeg 630w, https:\/\/origenesagave1900.com\/wp-content\/uploads\/2024\/09\/IMG_0565-300x152.jpeg 300w, https:\/\/origenesagave1900.com\/wp-content\/uploads\/2024\/09\/IMG_0565-18x9.jpeg 18w\" sizes=\"(max-width: 630px) 100vw, 630px\" \/><div class=\"wp-block-cover__inner-container is-layout-flow wp-block-cover-is-layout-flow\">\n<div class=\"wp-block-group has-global-padding is-layout-constrained wp-container-core-group-is-layout-dc79e9a9 wp-block-group-is-layout-constrained\" style=\"padding-top:var(--wp--preset--spacing--60);padding-right:var(--wp--preset--spacing--30);padding-bottom:var(--wp--preset--spacing--60);padding-left:var(--wp--preset--spacing--30)\">\n<h1 class=\"wp-block-heading has-text-align-center has-text-color has-x-large-font-size\" style=\"color:#fffffffc\"><\/h1>\n<\/div>\n<\/div><\/div>\n<\/div>\n\n\n\n<div class=\"wp-block-group alignfull has-tertiary-background-color has-background has-global-padding is-layout-constrained wp-container-core-group-is-layout-7276a2bb wp-block-group-is-layout-constrained\" style=\"margin-top:0;margin-bottom:0;padding-top:var(--wp--preset--spacing--60);padding-right:var(--wp--preset--spacing--30);padding-bottom:var(--wp--preset--spacing--60);padding-left:var(--wp--preset--spacing--30)\">\n<div class=\"wp-block-columns alignwide is-layout-flex wp-container-core-columns-is-layout-fa584acd wp-block-columns-is-layout-flex\">\n<div class=\"wp-block-column is-layout-flow wp-block-column-is-layout-flow\" style=\"flex-basis:50%\">\n<h2 class=\"wp-block-heading has-large-font-size\">Or\u00edgenes de Agave: Exceptional Tequila from Jalisco<\/h2>\n\n\n\n<p>Morelos 1940 B, C.P. 44600 Col. Ladr\u00f3n de Guevara <\/p>\n\n\n\n<p style=\"margin-top:0;margin-bottom:12px\"><strong>Guadalajara, M\u00e9xico<\/strong><\/p>\n\n\n\n<p class=\"has-small-font-size\" style=\"margin-top:8px\">+52 3314 1373<\/p>\n\n\n\n<p class=\"has-small-font-size\" style=\"margin-top:8px\">contacto@origenesdeagave1900.com<\/p>\n<\/div>\n<\/div>\n\n\n\n<div style=\"height:14px\" aria-hidden=\"true\" class=\"wp-block-spacer\"><\/div>\n\n\n\n<div class=\"wp-block-contact-form-7-contact-form-selector\">\n<div class=\"wpcf7 no-js\" id=\"wpcf7-f115-o1\" lang=\"es-ES\" dir=\"ltr\" data-wpcf7-id=\"115\">\n<div class=\"screen-reader-response\"><p role=\"status\" aria-live=\"polite\" aria-atomic=\"true\"><\/p> <ul><\/ul><\/div>\n<form action=\"\/es\/wp-json\/wp\/v2\/pages\/12#wpcf7-f115-o1\" method=\"post\" class=\"wpcf7-form init\" aria-label=\"Formulario de contacto\" novalidate=\"novalidate\" data-status=\"init\" data-trp-original-action=\"\/es\/wp-json\/wp\/v2\/pages\/12#wpcf7-f115-o1\">\n<fieldset class=\"hidden-fields-container\"><input type=\"hidden\" name=\"_wpcf7\" value=\"115\" \/><input type=\"hidden\" name=\"_wpcf7_version\" value=\"6.1.5\" \/><input type=\"hidden\" name=\"_wpcf7_locale\" value=\"es_ES\" \/><input type=\"hidden\" name=\"_wpcf7_unit_tag\" value=\"wpcf7-f115-o1\" \/><input type=\"hidden\" name=\"_wpcf7_container_post\" value=\"0\" \/><input type=\"hidden\" name=\"_wpcf7_posted_data_hash\" value=\"\" \/>\n<\/fieldset>\n<p><label> Tu nombre<br \/>\n<span class=\"wpcf7-form-control-wrap\" data-name=\"your-name\"><input size=\"40\" maxlength=\"400\" class=\"wpcf7-form-control wpcf7-text wpcf7-validates-as-required\" autocomplete=\"name\" aria-required=\"true\" aria-invalid=\"false\" value=\"\" type=\"text\" name=\"your-name\" \/><\/span> <\/label>\n<\/p>\n<p><label> Tu correo electr\u00f3nico<br \/>\n<span class=\"wpcf7-form-control-wrap\" data-name=\"your-email\"><input size=\"40\" maxlength=\"400\" class=\"wpcf7-form-control wpcf7-email wpcf7-validates-as-required wpcf7-text wpcf7-validates-as-email\" autocomplete=\"email\" aria-required=\"true\" aria-invalid=\"false\" value=\"\" type=\"email\" name=\"your-email\" \/><\/span> <\/label>\n<\/p>\n<p><label> Asunto<br \/>\n<span class=\"wpcf7-form-control-wrap\" data-name=\"your-subject\"><input size=\"40\" maxlength=\"400\" class=\"wpcf7-form-control wpcf7-text wpcf7-validates-as-required\" aria-required=\"true\" aria-invalid=\"false\" value=\"\" type=\"text\" name=\"your-subject\" \/><\/span> <\/label>\n<\/p>\n<p><label> Tu mensaje (opcional)<br \/>\n<span class=\"wpcf7-form-control-wrap\" data-name=\"your-message\"><textarea cols=\"40\" rows=\"10\" maxlength=\"2000\" class=\"wpcf7-form-control wpcf7-textarea\" aria-invalid=\"false\" name=\"your-message\"><\/textarea><\/span> <\/label>\n<\/p>\n<p><input class=\"wpcf7-form-control wpcf7-submit has-spinner\" type=\"submit\" value=\"Enviar\" \/>\n<\/p><div class=\"wpcf7-response-output\" aria-hidden=\"true\"><\/div>\n<input type=\"hidden\" name=\"trp-form-language\" value=\"es\"\/><\/form>\n<\/div>\n<\/div>\n<\/div>","protected":false},"excerpt":{"rendered":"<p>Or\u00edgenes de Agave: Exceptional Tequila from Jalisco Morelos 1940 B, C.P. 44600 Col. Ladr\u00f3n de Guevara Guadalajara, M\u00e9xico +52 3314 1373 contacto@origenesdeagave1900.com<\/p>","protected":false},"author":1,"featured_media":0,"parent":0,"menu_order":0,"comment_status":"closed","ping_status":"closed","template":"no-title","meta":{"footnotes":""},"class_list":["post-12","page","type-page","status-publish","hentry"],"aioseo_notices":[],"_links":{"self":[{"href":"https:\/\/origenesagave1900.com\/es\/wp-json\/wp\/v2\/pages\/12","targetHints":{"allow":["GET"]}}],"collection":[{"href":"https:\/\/origenesagave1900.com\/es\/wp-json\/wp\/v2\/pages"}],"about":[{"href":"https:\/\/origenesagave1900.com\/es\/wp-json\/wp\/v2\/types\/page"}],"author":[{"embeddable":true,"href":"https:\/\/origenesagave1900.com\/es\/wp-json\/wp\/v2\/users\/1"}],"replies":[{"embeddable":true,"href":"https:\/\/origenesagave1900.com\/es\/wp-json\/wp\/v2\/comments?post=12"}],"version-history":[{"count":7,"href":"https:\/\/origenesagave1900.com\/es\/wp-json\/wp\/v2\/pages\/12\/revisions"}],"predecessor-version":[{"id":117,"href":"https:\/\/origenesagave1900.com\/es\/wp-json\/wp\/v2\/pages\/12\/revisions\/117"}],"wp:attachment":[{"href":"https:\/\/origenesagave1900.com\/es\/wp-json\/wp\/v2\/media?parent=12"}],"curies":[{"name":"wp","href":"https:\/\/api.w.org\/{rel}","templated":true}]}}